{"id":1026,"date":"2018-04-26T22:34:35","date_gmt":"2018-04-26T20:34:35","guid":{"rendered":"https:\/\/www.opuzen.hr\/grad\/?page_id=1026"},"modified":"2026-03-23T09:11:36","modified_gmt":"2026-03-23T08:11:36","slug":"nagrade-i-priznanja","status":"publish","type":"page","link":"https:\/\/www.opuzen.hr\/grad\/gradsko-vijece\/nagrade-i-priznanja\/","title":{"rendered":"Nagrade i priznanja"},"content":{"rendered":"\t\t<div data-elementor-type=\"wp-page\" data-elementor-id=\"1026\" class=\"elementor elementor-1026\">\n\t\t\t\t\t\t<section class=\"has_eae_slider elementor-section elementor-top-section elementor-element elementor-element-2f535739 elementor-section-boxed elementor-section-height-default elementor-section-height-default\" data-id=\"2f535739\" data-element_type=\"section\">\n\t\t\t\t\t\t<div class=\"elementor-container elementor-column-gap-default\">\n\t\t\t\t\t<div class=\"has_eae_slider elementor-column elementor-col-100 elementor-top-column elementor-element elementor-element-312cb978\" data-id=\"312cb978\" data-element_type=\"column\">\n\t\t\t<div class=\"elementor-widget-wrap elementor-element-populated\">\n\t\t\t\t\t\t<div class=\"elementor-element elementor-element-83a2a77 elementor-widget elementor-widget-heading\" data-id=\"83a2a77\" data-element_type=\"widget\" data-widget_type=\"heading.default\">\n\t\t\t\t<div class=\"elementor-widget-container\">\n\t\t\t<h2 class=\"elementor-heading-title elementor-size-default\">Nagrade i priznanja<\/h2>\t\t<\/div>\n\t\t\t\t<\/div>\n\t\t\t\t<div class=\"elementor-element elementor-element-c77ad09 elementor-widget-divider--separator-type-pattern elementor-widget-divider--bg-round elementor-widget-divider--view-line elementor-widget elementor-widget-divider\" data-id=\"c77ad09\" data-element_type=\"widget\" data-widget_type=\"divider.default\">\n\t\t\t\t<div class=\"elementor-widget-container\">\n\t\t\t\t\t<div class=\"elementor-divider\" style=\"--divider-pattern-url: url(&quot;data:image\/svg+xml,%3Csvg xmlns=&#039;http:\/\/www.w3.org\/2000\/svg&#039; preserveAspectRatio=&#039;none&#039; overflow=&#039;visible&#039; height=&#039;100%&#039; viewBox=&#039;0 0 60 30&#039; fill=&#039;black&#039; stroke=&#039;none&#039;%3E%3Crect x=&#039;15&#039; y=&#039;0&#039; width=&#039;30&#039; height=&#039;30&#039;\/%3E%3C\/svg%3E&quot;);\">\n\t\t\t<span class=\"elementor-divider-separator\">\n\t\t\t\t\t\t<\/span>\n\t\t<\/div>\n\t\t\t\t<\/div>\n\t\t\t\t<\/div>\n\t\t\t\t<div class=\"elementor-element elementor-element-24de7eb elementor-widget elementor-widget-text-editor\" data-id=\"24de7eb\" data-element_type=\"widget\" data-widget_type=\"text-editor.default\">\n\t\t\t\t<div class=\"elementor-widget-container\">\n\t\t\t\t\t\t\t<p>Gra\u0111anima Grada Opuzen ai drugim osobama, udrugama, ustanovama, trgova\u010dkim dru\u0161tvima, vjerskim zajednicama i drugim pravnim osobama mogu se dodjeljivati javna priznanja za uspjehe u radu kojima osobito pridonose razvoju i boljitku Grada Opuzena ili pojedinih njegovih djelatnosti, ili u znak po\u010dasti i zahvalnosti.<\/p>\t\t\t\t\t\t<\/div>\n\t\t\t\t<\/div>\n\t\t\t\t<div class=\"elementor-element elementor-element-7c7c1c5 elementor-view-stacked elementor-position-left elementor-vertical-align-middle elementor-shape-circle elementor-mobile-position-top elementor-widget elementor-widget-icon-box\" data-id=\"7c7c1c5\" data-element_type=\"widget\" data-widget_type=\"icon-box.default\">\n\t\t\t\t<div class=\"elementor-widget-container\">\n\t\t\t\t\t<div class=\"elementor-icon-box-wrapper\">\n\n\t\t\t\t\t\t<div class=\"elementor-icon-box-icon\">\n\t\t\t\t<a href=\"https:\/\/www.opuzen.hr\/grad\/wp-content\/uploads\/2026\/03\/Javna-priznanja-Grada-Opuzena.doc\" target=\"_blank\" class=\"elementor-icon elementor-animation-\" tabindex=\"-1\">\n\t\t\t\t<i aria-hidden=\"true\" class=\"fas fa-file\"><\/i>\t\t\t\t<\/a>\n\t\t\t<\/div>\n\t\t\t\n\t\t\t\t\t\t<div class=\"elementor-icon-box-content\">\n\n\t\t\t\t\t\t\t\t\t<h3 class=\"elementor-icon-box-title\">\n\t\t\t\t\t\t<a href=\"https:\/\/www.opuzen.hr\/grad\/wp-content\/uploads\/2026\/03\/Javna-priznanja-Grada-Opuzena.doc\" target=\"_blank\" >\n\t\t\t\t\t\t\tNagrade i priznanja Grada Opuzena\t\t\t\t\t\t<\/a>\n\t\t\t\t\t<\/h3>\n\t\t\t\t\n\t\t\t\t\t\t\t\t\t<p class=\"elementor-icon-box-description\">\n\t\t\t\t\t\tNagrade i priznanja Grada Opuzena\t\t\t\t\t<\/p>\n\t\t\t\t\n\t\t\t<\/div>\n\t\t\t\n\t\t<\/div>\n\t\t\t\t<\/div>\n\t\t\t\t<\/div>\n\t\t\t\t<div class=\"elementor-element elementor-element-be94ced elementor-widget elementor-widget-spacer\" data-id=\"be94ced\" data-element_type=\"widget\" data-widget_type=\"spacer.default\">\n\t\t\t\t<div class=\"elementor-widget-container\">\n\t\t\t\t\t<div class=\"elementor-spacer\">\n\t\t\t<div class=\"elementor-spacer-inner\"><\/div>\n\t\t<\/div>\n\t\t\t\t<\/div>\n\t\t\t\t<\/div>\n\t\t\t\t<div class=\"elementor-element elementor-element-f1201a7 elementor-alert-info elementor-widget elementor-widget-alert\" data-id=\"f1201a7\" data-element_type=\"widget\" data-widget_type=\"alert.default\">\n\t\t\t\t<div class=\"elementor-widget-container\">\n\t\t\t\t\t<div class=\"elementor-alert\" role=\"alert\">\n\n\t\t\t\t\t\t<span class=\"elementor-alert-title\">Ovo je upozorenje<\/span>\n\t\t\t\n\t\t\t\t\t\t<span class=\"elementor-alert-description\">Nagrade i priznanja Grada Opuzena dodjeljuju se na sve\u010danoj sjednici Gradskog vije\u0107a povodom Dana Grada Opuzena.\n\n<\/span>\n\t\t\t\n\t\t\t\n\t\t<\/div>\n\t\t\t\t<\/div>\n\t\t\t\t<\/div>\n\t\t\t\t<div class=\"elementor-element elementor-element-da64b52 elementor-widget elementor-widget-spacer\" data-id=\"da64b52\" data-element_type=\"widget\" data-widget_type=\"spacer.default\">\n\t\t\t\t<div class=\"elementor-widget-container\">\n\t\t\t\t\t<div class=\"elementor-spacer\">\n\t\t\t<div class=\"elementor-spacer-inner\"><\/div>\n\t\t<\/div>\n\t\t\t\t<\/div>\n\t\t\t\t<\/div>\n\t\t\t\t<div class=\"elementor-element elementor-element-1f26c648 elementor-widget elementor-widget-text-editor\" data-id=\"1f26c648\" data-element_type=\"widget\" data-widget_type=\"text-editor.default\">\n\t\t\t\t<div class=\"elementor-widget-container\">\n\t\t\t\t\t\t\t<p>Gradsko vije\u0107e Grada Opuzena donosi odluke ve\u0107inom glasova, ukoliko je na sjednici prisutna ve\u0107ina vije\u0107nika. Statut Grada Opuzena, Poslovnik o radu Gradskog vije\u0107a, prora\u010dun i godi\u0161nji obra\u010dun, odluku o raspisivanju referenduma, odluku o izboru predsjednika i potpredsjednika Gradskog vije\u0107a, odluku o razrje\u0161enju, odnosno izglasavanju nepovjerenja navedenim osobama Gradsko vije\u0107e donosi ve\u0107inom glasova svih vije\u0107nika.<\/p><p>Poslovnikom o radu Gradskog vije\u0107a podrobnije je ure\u0111en na\u010din konstituiranja, sazivanje, rad i tijek sjednice, glasovanje i vo\u0111enje zapisnika, kao i odr\u017eavanje reda na sjednicama Gradskog vije\u0107a.<\/p>\t\t\t\t\t\t<\/div>\n\t\t\t\t<\/div>\n\t\t\t\t\t<\/div>\n\t\t<\/div>\n\t\t\t\t\t<\/div>\n\t\t<\/section>\n\t\t\t\t<\/div>\n\t\t","protected":false},"excerpt":{"rendered":"<p>Nagrade i priznanja Gra\u0111anima Grada Opuzen ai drugim osobama, udrugama, ustanovama, trgova\u010dkim dru\u0161tvima, vjerskim zajednicama&#8230;<\/p>\n","protected":false},"author":3,"featured_media":0,"parent":865,"menu_order":0,"comment_status":"closed","ping_status":"closed","template":"","meta":{"footnotes":""},"class_list":["post-1026","page","type-page","status-publish","hentry"],"yoast_head":"<!-- This site is optimized with the Yoast SEO plugin v23.1 - https:\/\/yoast.com\/wordpress\/plugins\/seo\/ -->\n<title>Nagrade i priznanja - Grad Opuzen<\/title>\n<meta name=\"robots\" content=\"index, follow, max-snippet:-1, max-image-preview:large, max-video-preview:-1\" \/>\n<link rel=\"canonical\" href=\"https:\/\/www.opuzen.hr\/grad\/gradsko-vijece\/nagrade-i-priznanja\/\" \/>\n<meta property=\"og:locale\" content=\"hr_HR\" \/>\n<meta property=\"og:type\" content=\"article\" \/>\n<meta property=\"og:title\" content=\"Nagrade i priznanja - Grad Opuzen\" \/>\n<meta property=\"og:description\" content=\"Nagrade i priznanja Gra\u0111anima Grada Opuzen ai drugim osobama, udrugama, ustanovama, trgova\u010dkim dru\u0161tvima, vjerskim zajednicama...\" \/>\n<meta property=\"og:url\" content=\"https:\/\/www.opuzen.hr\/grad\/gradsko-vijece\/nagrade-i-priznanja\/\" \/>\n<meta property=\"og:site_name\" content=\"Grad Opuzen\" \/>\n<meta property=\"article:modified_time\" content=\"2026-03-23T08:11:36+00:00\" \/>\n<meta name=\"twitter:card\" content=\"summary_large_image\" \/>\n<meta name=\"twitter:label1\" content=\"Procijenjeno vrijeme \u010ditanja\" \/>\n\t<meta name=\"twitter:data1\" content=\"1 minuta\" \/>\n<script type=\"application\/ld+json\" class=\"yoast-schema-graph\">{\"@context\":\"https:\/\/schema.org\",\"@graph\":[{\"@type\":\"WebPage\",\"@id\":\"https:\/\/www.opuzen.hr\/grad\/gradsko-vijece\/nagrade-i-priznanja\/\",\"url\":\"https:\/\/www.opuzen.hr\/grad\/gradsko-vijece\/nagrade-i-priznanja\/\",\"name\":\"Nagrade i priznanja - Grad Opuzen\",\"isPartOf\":{\"@id\":\"https:\/\/www.opuzen.hr\/grad\/#website\"},\"datePublished\":\"2018-04-26T20:34:35+00:00\",\"dateModified\":\"2026-03-23T08:11:36+00:00\",\"breadcrumb\":{\"@id\":\"https:\/\/www.opuzen.hr\/grad\/gradsko-vijece\/nagrade-i-priznanja\/#breadcrumb\"},\"inLanguage\":\"hr\",\"potentialAction\":[{\"@type\":\"ReadAction\",\"target\":[\"https:\/\/www.opuzen.hr\/grad\/gradsko-vijece\/nagrade-i-priznanja\/\"]}]},{\"@type\":\"BreadcrumbList\",\"@id\":\"https:\/\/www.opuzen.hr\/grad\/gradsko-vijece\/nagrade-i-priznanja\/#breadcrumb\",\"itemListElement\":[{\"@type\":\"ListItem\",\"position\":1,\"name\":\"Po\u010detna stranica\",\"item\":\"https:\/\/www.opuzen.hr\/grad\/\"},{\"@type\":\"ListItem\",\"position\":2,\"name\":\"Gradsko vije\u0107e\",\"item\":\"https:\/\/www.opuzen.hr\/grad\/gradsko-vijece\/\"},{\"@type\":\"ListItem\",\"position\":3,\"name\":\"Nagrade i priznanja\"}]},{\"@type\":\"WebSite\",\"@id\":\"https:\/\/www.opuzen.hr\/grad\/#website\",\"url\":\"https:\/\/www.opuzen.hr\/grad\/\",\"name\":\"Grad Opuzen\",\"description\":\"Slu\u017ebene mre\u017ene stranice Grada Opuzena\",\"publisher\":{\"@id\":\"https:\/\/www.opuzen.hr\/grad\/#organization\"},\"potentialAction\":[{\"@type\":\"SearchAction\",\"target\":{\"@type\":\"EntryPoint\",\"urlTemplate\":\"https:\/\/www.opuzen.hr\/grad\/?s={search_term_string}\"},\"query-input\":\"required name=search_term_string\"}],\"inLanguage\":\"hr\"},{\"@type\":\"Organization\",\"@id\":\"https:\/\/www.opuzen.hr\/grad\/#organization\",\"name\":\"Grad Opuzen\",\"url\":\"https:\/\/www.opuzen.hr\/grad\/\",\"logo\":{\"@type\":\"ImageObject\",\"inLanguage\":\"hr\",\"@id\":\"https:\/\/www.opuzen.hr\/grad\/#\/schema\/logo\/image\/\",\"url\":\"https:\/\/www.opuzen.hr\/grad\/wp-content\/uploads\/2018\/02\/logo-opuzen.jpg\",\"contentUrl\":\"https:\/\/www.opuzen.hr\/grad\/wp-content\/uploads\/2018\/02\/logo-opuzen.jpg\",\"width\":400,\"height\":400,\"caption\":\"Grad Opuzen\"},\"image\":{\"@id\":\"https:\/\/www.opuzen.hr\/grad\/#\/schema\/logo\/image\/\"}}]}<\/script>\n<!-- \/ Yoast SEO plugin. -->","yoast_head_json":{"title":"Nagrade i priznanja - Grad Opuzen","robots":{"index":"index","follow":"follow","max-snippet":"max-snippet:-1","max-image-preview":"max-image-preview:large","max-video-preview":"max-video-preview:-1"},"canonical":"https:\/\/www.opuzen.hr\/grad\/gradsko-vijece\/nagrade-i-priznanja\/","og_locale":"hr_HR","og_type":"article","og_title":"Nagrade i priznanja - Grad Opuzen","og_description":"Nagrade i priznanja Gra\u0111anima Grada Opuzen ai drugim osobama, udrugama, ustanovama, trgova\u010dkim dru\u0161tvima, vjerskim zajednicama...","og_url":"https:\/\/www.opuzen.hr\/grad\/gradsko-vijece\/nagrade-i-priznanja\/","og_site_name":"Grad Opuzen","article_modified_time":"2026-03-23T08:11:36+00:00","twitter_card":"summary_large_image","twitter_misc":{"Procijenjeno vrijeme \u010ditanja":"1 minuta"},"schema":{"@context":"https:\/\/schema.org","@graph":[{"@type":"WebPage","@id":"https:\/\/www.opuzen.hr\/grad\/gradsko-vijece\/nagrade-i-priznanja\/","url":"https:\/\/www.opuzen.hr\/grad\/gradsko-vijece\/nagrade-i-priznanja\/","name":"Nagrade i priznanja - Grad Opuzen","isPartOf":{"@id":"https:\/\/www.opuzen.hr\/grad\/#website"},"datePublished":"2018-04-26T20:34:35+00:00","dateModified":"2026-03-23T08:11:36+00:00","breadcrumb":{"@id":"https:\/\/www.opuzen.hr\/grad\/gradsko-vijece\/nagrade-i-priznanja\/#breadcrumb"},"inLanguage":"hr","potentialAction":[{"@type":"ReadAction","target":["https:\/\/www.opuzen.hr\/grad\/gradsko-vijece\/nagrade-i-priznanja\/"]}]},{"@type":"BreadcrumbList","@id":"https:\/\/www.opuzen.hr\/grad\/gradsko-vijece\/nagrade-i-priznanja\/#breadcrumb","itemListElement":[{"@type":"ListItem","position":1,"name":"Po\u010detna stranica","item":"https:\/\/www.opuzen.hr\/grad\/"},{"@type":"ListItem","position":2,"name":"Gradsko vije\u0107e","item":"https:\/\/www.opuzen.hr\/grad\/gradsko-vijece\/"},{"@type":"ListItem","position":3,"name":"Nagrade i priznanja"}]},{"@type":"WebSite","@id":"https:\/\/www.opuzen.hr\/grad\/#website","url":"https:\/\/www.opuzen.hr\/grad\/","name":"Grad Opuzen","description":"Slu\u017ebene mre\u017ene stranice Grada Opuzena","publisher":{"@id":"https:\/\/www.opuzen.hr\/grad\/#organization"},"potentialAction":[{"@type":"SearchAction","target":{"@type":"EntryPoint","urlTemplate":"https:\/\/www.opuzen.hr\/grad\/?s={search_term_string}"},"query-input":"required name=search_term_string"}],"inLanguage":"hr"},{"@type":"Organization","@id":"https:\/\/www.opuzen.hr\/grad\/#organization","name":"Grad Opuzen","url":"https:\/\/www.opuzen.hr\/grad\/","logo":{"@type":"ImageObject","inLanguage":"hr","@id":"https:\/\/www.opuzen.hr\/grad\/#\/schema\/logo\/image\/","url":"https:\/\/www.opuzen.hr\/grad\/wp-content\/uploads\/2018\/02\/logo-opuzen.jpg","contentUrl":"https:\/\/www.opuzen.hr\/grad\/wp-content\/uploads\/2018\/02\/logo-opuzen.jpg","width":400,"height":400,"caption":"Grad Opuzen"},"image":{"@id":"https:\/\/www.opuzen.hr\/grad\/#\/schema\/logo\/image\/"}}]}},"_links":{"self":[{"href":"https:\/\/www.opuzen.hr\/grad\/wp-json\/wp\/v2\/pages\/1026"}],"collection":[{"href":"https:\/\/www.opuzen.hr\/grad\/wp-json\/wp\/v2\/pages"}],"about":[{"href":"https:\/\/www.opuzen.hr\/grad\/wp-json\/wp\/v2\/types\/page"}],"author":[{"embeddable":true,"href":"https:\/\/www.opuzen.hr\/grad\/wp-json\/wp\/v2\/users\/3"}],"replies":[{"embeddable":true,"href":"https:\/\/www.opuzen.hr\/grad\/wp-json\/wp\/v2\/comments?post=1026"}],"version-history":[{"count":15,"href":"https:\/\/www.opuzen.hr\/grad\/wp-json\/wp\/v2\/pages\/1026\/revisions"}],"predecessor-version":[{"id":52275,"href":"https:\/\/www.opuzen.hr\/grad\/wp-json\/wp\/v2\/pages\/1026\/revisions\/52275"}],"up":[{"embeddable":true,"href":"https:\/\/www.opuzen.hr\/grad\/wp-json\/wp\/v2\/pages\/865"}],"wp:attachment":[{"href":"https:\/\/www.opuzen.hr\/grad\/wp-json\/wp\/v2\/media?parent=1026"}],"curies":[{"name":"wp","href":"https:\/\/api.w.org\/{rel}","templated":true}]}}