{"id":1185,"date":"2018-05-05T09:47:35","date_gmt":"2018-05-05T07:47:35","guid":{"rendered":"https:\/\/www.opuzen.hr\/grad\/?page_id=1185"},"modified":"2020-12-05T10:09:32","modified_gmt":"2020-12-05T09:09:32","slug":"odvodnja-opuzen","status":"publish","type":"page","link":"https:\/\/www.opuzen.hr\/grad\/gradske-ustanove\/odvodnja-opuzen\/","title":{"rendered":"Odvodnja Opuzen"},"content":{"rendered":"\t\t<div data-elementor-type=\"wp-page\" data-elementor-id=\"1185\" class=\"elementor elementor-1185\">\n\t\t\t\t\t\t<section class=\"has_eae_slider elementor-section elementor-top-section elementor-element elementor-element-542f7f1b elementor-section-boxed elementor-section-height-default elementor-section-height-default\" data-id=\"542f7f1b\" data-element_type=\"section\">\n\t\t\t\t\t\t<div class=\"elementor-container elementor-column-gap-default\">\n\t\t\t\t\t<div class=\"has_eae_slider elementor-column elementor-col-100 elementor-top-column elementor-element elementor-element-779d105b\" data-id=\"779d105b\" data-element_type=\"column\">\n\t\t\t<div class=\"elementor-widget-wrap elementor-element-populated\">\n\t\t\t\t\t\t<div class=\"elementor-element elementor-element-e6f4fc4 elementor-widget elementor-widget-heading\" data-id=\"e6f4fc4\" data-element_type=\"widget\" data-widget_type=\"heading.default\">\n\t\t\t\t<div class=\"elementor-widget-container\">\n\t\t\t<h1 class=\"elementor-heading-title elementor-size-xxl\">Odvodnja Opuzen<\/h1>\t\t<\/div>\n\t\t\t\t<\/div>\n\t\t\t\t<div class=\"elementor-element elementor-element-98c3670 elementor-widget-divider--separator-type-pattern elementor-widget-divider--bg-round elementor-widget-divider--view-line elementor-widget elementor-widget-divider\" data-id=\"98c3670\" data-element_type=\"widget\" data-widget_type=\"divider.default\">\n\t\t\t\t<div class=\"elementor-widget-container\">\n\t\t\t\t\t<div class=\"elementor-divider\" style=\"--divider-pattern-url: url(&quot;data:image\/svg+xml,%3Csvg xmlns=&#039;http:\/\/www.w3.org\/2000\/svg&#039; preserveAspectRatio=&#039;none&#039; overflow=&#039;visible&#039; height=&#039;100%&#039; viewBox=&#039;0 0 60 30&#039; fill=&#039;black&#039; stroke=&#039;none&#039;%3E%3Crect x=&#039;15&#039; y=&#039;0&#039; width=&#039;30&#039; height=&#039;30&#039;\/%3E%3C\/svg%3E&quot;);\">\n\t\t\t<span class=\"elementor-divider-separator\">\n\t\t\t\t\t\t<\/span>\n\t\t<\/div>\n\t\t\t\t<\/div>\n\t\t\t\t<\/div>\n\t\t\t\t<div class=\"elementor-element elementor-element-6d7b0dc8 elementor-widget elementor-widget-text-editor\" data-id=\"6d7b0dc8\" data-element_type=\"widget\" data-widget_type=\"text-editor.default\">\n\t\t\t\t<div class=\"elementor-widget-container\">\n\t\t\t\t\t\t\t<p><strong>Naziv subjekta<\/strong> ODVODNJA OPUZEN d.o.o.<br \/><strong>Skra\u0107eni naziv<\/strong> ODVODNJA OPUZEN d.o.o.<br \/><strong>Tip subjekta<\/strong> Trgova\u010dko dru\u0161tvo<\/p><p><strong>Direktor<\/strong> Ivanka Zonji\u0107, dia.<\/p><p><strong>OIB<\/strong> 99530936939<br \/><strong>Porezni broj (MB)<\/strong> 04372883<br \/><strong>Mati\u010dni broj subjekta (MBS)<\/strong> 060328909<br \/><strong>Ulica i ku\u0107ni broj<\/strong> Ulica Matice hrvatske 9<br \/><strong>Grad i naselje<\/strong> 20355 Opuzen &#8211; Opuzen<br \/><strong>\u017dupanija<\/strong> Dubrova\u010dko-neretvanska<\/p><p><strong>Telefon<\/strong> 020\/671-418<\/p><h4>\u00a0<\/h4><h4><strong>Preuzmite potrebnu dokumentaciju:<\/strong><\/h4><p><strong>Poziv na dostavu ponuda za Izvo\u0111enje radova na kanalizacijskom sustavu u Ulici Jasenska<\/strong><\/p><ul><li><a href=\"https:\/\/www.opuzen.hr\/grad\/wp-content\/uploads\/2020\/12\/Poziv-na-dostavu-ponuda_Izvo\u0111enje-radova-na-kanalizacijskom-sustavu-u-ulici-Jasenska.docx\">Poziv na dostavu ponuda u sklopu izvo\u0111enja radova na kanalizacijskom sustavu u ulici Jasenska<\/a><\/li><li><a href=\"https:\/\/www.opuzen.hr\/grad\/wp-content\/uploads\/2020\/12\/Tro\u0161kovnik_Jasenska.xls\">Tro\u0161kovnik<\/a><\/li><li><a href=\"https:\/\/www.opuzen.hr\/grad\/wp-content\/uploads\/2020\/12\/3.1.-Situacija-tehni\u010dkog-rje\u0161enja.pdf\">3.1. Situacija tehni\u010dkog rje\u0161enja<\/a><\/li><li><a href=\"https:\/\/www.opuzen.hr\/grad\/wp-content\/uploads\/2020\/12\/3.2.-Normalni-presjek-rova.pdf\">3.2. Normalni presjek rova<\/a><\/li><\/ul><p>\u00a0<\/p><p><strong>Poziv na dostavu ponuda u postupku jednostavne nabave radova: Izgradnja kanalizacijskog sustava grada Opuzena &#8211; priklju\u010denje objekata na sustav u Ulicama Zagreba\u010dka i Zrinsko-frankopanska.<\/strong><\/p><ul><li><a href=\"https:\/\/www.opuzen.hr\/grad\/wp-content\/uploads\/2020\/12\/Poziv-na-dostavu-ponuda_Zagreba\u010dka_Zrinsko-Frankopanska.docx\">Poziv na dostavu ponuda: Zagreba\u010dka_Zrinsko-Frankopanska<\/a><\/li><li><a href=\"https:\/\/www.opuzen.hr\/grad\/wp-content\/uploads\/2020\/12\/TRO\u0160KOVNIK_priklju\u010denje-objekata.xlsb.xlsx\">Tro\u0161kovnik &#8211; Priklju\u010denje objekata<\/a><\/li><\/ul>\t\t\t\t\t\t<\/div>\n\t\t\t\t<\/div>\n\t\t\t\t\t<\/div>\n\t\t<\/div>\n\t\t\t\t\t<\/div>\n\t\t<\/section>\n\t\t\t\t<\/div>\n\t\t","protected":false},"excerpt":{"rendered":"<p>Odvodnja Opuzen Naziv subjekta ODVODNJA OPUZEN d.o.o.Skra\u0107eni naziv ODVODNJA OPUZEN d.o.o.Tip subjekta Trgova\u010dko dru\u0161tvo Direktor&#8230;<\/p>\n","protected":false},"author":3,"featured_media":0,"parent":1134,"menu_order":0,"comment_status":"closed","ping_status":"closed","template":"","meta":{"footnotes":""},"class_list":["post-1185","page","type-page","status-publish","hentry"],"yoast_head":"<!-- This site is optimized with the Yoast SEO plugin v23.1 - https:\/\/yoast.com\/wordpress\/plugins\/seo\/ -->\n<title>Odvodnja Opuzen - Grad Opuzen<\/title>\n<meta name=\"robots\" content=\"index, follow, max-snippet:-1, max-image-preview:large, max-video-preview:-1\" \/>\n<link rel=\"canonical\" href=\"https:\/\/www.opuzen.hr\/grad\/gradske-ustanove\/odvodnja-opuzen\/\" \/>\n<meta property=\"og:locale\" content=\"hr_HR\" \/>\n<meta property=\"og:type\" content=\"article\" \/>\n<meta property=\"og:title\" content=\"Odvodnja Opuzen - Grad Opuzen\" \/>\n<meta property=\"og:description\" content=\"Odvodnja Opuzen Naziv subjekta ODVODNJA OPUZEN d.o.o.Skra\u0107eni naziv ODVODNJA OPUZEN d.o.o.Tip subjekta Trgova\u010dko dru\u0161tvo Direktor...\" \/>\n<meta property=\"og:url\" content=\"https:\/\/www.opuzen.hr\/grad\/gradske-ustanove\/odvodnja-opuzen\/\" \/>\n<meta property=\"og:site_name\" content=\"Grad Opuzen\" \/>\n<meta property=\"article:modified_time\" content=\"2020-12-05T09:09:32+00:00\" \/>\n<meta name=\"twitter:card\" content=\"summary_large_image\" \/>\n<meta name=\"twitter:label1\" content=\"Procijenjeno vrijeme \u010ditanja\" \/>\n\t<meta name=\"twitter:data1\" content=\"1 minuta\" \/>\n<script type=\"application\/ld+json\" class=\"yoast-schema-graph\">{\"@context\":\"https:\/\/schema.org\",\"@graph\":[{\"@type\":\"WebPage\",\"@id\":\"https:\/\/www.opuzen.hr\/grad\/gradske-ustanove\/odvodnja-opuzen\/\",\"url\":\"https:\/\/www.opuzen.hr\/grad\/gradske-ustanove\/odvodnja-opuzen\/\",\"name\":\"Odvodnja Opuzen - Grad Opuzen\",\"isPartOf\":{\"@id\":\"https:\/\/www.opuzen.hr\/grad\/#website\"},\"datePublished\":\"2018-05-05T07:47:35+00:00\",\"dateModified\":\"2020-12-05T09:09:32+00:00\",\"breadcrumb\":{\"@id\":\"https:\/\/www.opuzen.hr\/grad\/gradske-ustanove\/odvodnja-opuzen\/#breadcrumb\"},\"inLanguage\":\"hr\",\"potentialAction\":[{\"@type\":\"ReadAction\",\"target\":[\"https:\/\/www.opuzen.hr\/grad\/gradske-ustanove\/odvodnja-opuzen\/\"]}]},{\"@type\":\"BreadcrumbList\",\"@id\":\"https:\/\/www.opuzen.hr\/grad\/gradske-ustanove\/odvodnja-opuzen\/#breadcrumb\",\"itemListElement\":[{\"@type\":\"ListItem\",\"position\":1,\"name\":\"Po\u010detna stranica\",\"item\":\"https:\/\/www.opuzen.hr\/grad\/\"},{\"@type\":\"ListItem\",\"position\":2,\"name\":\"Gradske ustanove\",\"item\":\"https:\/\/www.opuzen.hr\/grad\/gradske-ustanove\/\"},{\"@type\":\"ListItem\",\"position\":3,\"name\":\"Odvodnja Opuzen\"}]},{\"@type\":\"WebSite\",\"@id\":\"https:\/\/www.opuzen.hr\/grad\/#website\",\"url\":\"https:\/\/www.opuzen.hr\/grad\/\",\"name\":\"Grad Opuzen\",\"description\":\"Slu\u017ebene mre\u017ene stranice Grada Opuzena\",\"publisher\":{\"@id\":\"https:\/\/www.opuzen.hr\/grad\/#organization\"},\"potentialAction\":[{\"@type\":\"SearchAction\",\"target\":{\"@type\":\"EntryPoint\",\"urlTemplate\":\"https:\/\/www.opuzen.hr\/grad\/?s={search_term_string}\"},\"query-input\":\"required name=search_term_string\"}],\"inLanguage\":\"hr\"},{\"@type\":\"Organization\",\"@id\":\"https:\/\/www.opuzen.hr\/grad\/#organization\",\"name\":\"Grad Opuzen\",\"url\":\"https:\/\/www.opuzen.hr\/grad\/\",\"logo\":{\"@type\":\"ImageObject\",\"inLanguage\":\"hr\",\"@id\":\"https:\/\/www.opuzen.hr\/grad\/#\/schema\/logo\/image\/\",\"url\":\"https:\/\/www.opuzen.hr\/grad\/wp-content\/uploads\/2018\/02\/logo-opuzen.jpg\",\"contentUrl\":\"https:\/\/www.opuzen.hr\/grad\/wp-content\/uploads\/2018\/02\/logo-opuzen.jpg\",\"width\":400,\"height\":400,\"caption\":\"Grad Opuzen\"},\"image\":{\"@id\":\"https:\/\/www.opuzen.hr\/grad\/#\/schema\/logo\/image\/\"}}]}<\/script>\n<!-- \/ Yoast SEO plugin. -->","yoast_head_json":{"title":"Odvodnja Opuzen - Grad Opuzen","robots":{"index":"index","follow":"follow","max-snippet":"max-snippet:-1","max-image-preview":"max-image-preview:large","max-video-preview":"max-video-preview:-1"},"canonical":"https:\/\/www.opuzen.hr\/grad\/gradske-ustanove\/odvodnja-opuzen\/","og_locale":"hr_HR","og_type":"article","og_title":"Odvodnja Opuzen - Grad Opuzen","og_description":"Odvodnja Opuzen Naziv subjekta ODVODNJA OPUZEN d.o.o.Skra\u0107eni naziv ODVODNJA OPUZEN d.o.o.Tip subjekta Trgova\u010dko dru\u0161tvo Direktor...","og_url":"https:\/\/www.opuzen.hr\/grad\/gradske-ustanove\/odvodnja-opuzen\/","og_site_name":"Grad Opuzen","article_modified_time":"2020-12-05T09:09:32+00:00","twitter_card":"summary_large_image","twitter_misc":{"Procijenjeno vrijeme \u010ditanja":"1 minuta"},"schema":{"@context":"https:\/\/schema.org","@graph":[{"@type":"WebPage","@id":"https:\/\/www.opuzen.hr\/grad\/gradske-ustanove\/odvodnja-opuzen\/","url":"https:\/\/www.opuzen.hr\/grad\/gradske-ustanove\/odvodnja-opuzen\/","name":"Odvodnja Opuzen - Grad Opuzen","isPartOf":{"@id":"https:\/\/www.opuzen.hr\/grad\/#website"},"datePublished":"2018-05-05T07:47:35+00:00","dateModified":"2020-12-05T09:09:32+00:00","breadcrumb":{"@id":"https:\/\/www.opuzen.hr\/grad\/gradske-ustanove\/odvodnja-opuzen\/#breadcrumb"},"inLanguage":"hr","potentialAction":[{"@type":"ReadAction","target":["https:\/\/www.opuzen.hr\/grad\/gradske-ustanove\/odvodnja-opuzen\/"]}]},{"@type":"BreadcrumbList","@id":"https:\/\/www.opuzen.hr\/grad\/gradske-ustanove\/odvodnja-opuzen\/#breadcrumb","itemListElement":[{"@type":"ListItem","position":1,"name":"Po\u010detna stranica","item":"https:\/\/www.opuzen.hr\/grad\/"},{"@type":"ListItem","position":2,"name":"Gradske ustanove","item":"https:\/\/www.opuzen.hr\/grad\/gradske-ustanove\/"},{"@type":"ListItem","position":3,"name":"Odvodnja Opuzen"}]},{"@type":"WebSite","@id":"https:\/\/www.opuzen.hr\/grad\/#website","url":"https:\/\/www.opuzen.hr\/grad\/","name":"Grad Opuzen","description":"Slu\u017ebene mre\u017ene stranice Grada Opuzena","publisher":{"@id":"https:\/\/www.opuzen.hr\/grad\/#organization"},"potentialAction":[{"@type":"SearchAction","target":{"@type":"EntryPoint","urlTemplate":"https:\/\/www.opuzen.hr\/grad\/?s={search_term_string}"},"query-input":"required name=search_term_string"}],"inLanguage":"hr"},{"@type":"Organization","@id":"https:\/\/www.opuzen.hr\/grad\/#organization","name":"Grad Opuzen","url":"https:\/\/www.opuzen.hr\/grad\/","logo":{"@type":"ImageObject","inLanguage":"hr","@id":"https:\/\/www.opuzen.hr\/grad\/#\/schema\/logo\/image\/","url":"https:\/\/www.opuzen.hr\/grad\/wp-content\/uploads\/2018\/02\/logo-opuzen.jpg","contentUrl":"https:\/\/www.opuzen.hr\/grad\/wp-content\/uploads\/2018\/02\/logo-opuzen.jpg","width":400,"height":400,"caption":"Grad Opuzen"},"image":{"@id":"https:\/\/www.opuzen.hr\/grad\/#\/schema\/logo\/image\/"}}]}},"_links":{"self":[{"href":"https:\/\/www.opuzen.hr\/grad\/wp-json\/wp\/v2\/pages\/1185"}],"collection":[{"href":"https:\/\/www.opuzen.hr\/grad\/wp-json\/wp\/v2\/pages"}],"about":[{"href":"https:\/\/www.opuzen.hr\/grad\/wp-json\/wp\/v2\/types\/page"}],"author":[{"embeddable":true,"href":"https:\/\/www.opuzen.hr\/grad\/wp-json\/wp\/v2\/users\/3"}],"replies":[{"embeddable":true,"href":"https:\/\/www.opuzen.hr\/grad\/wp-json\/wp\/v2\/comments?post=1185"}],"version-history":[{"count":7,"href":"https:\/\/www.opuzen.hr\/grad\/wp-json\/wp\/v2\/pages\/1185\/revisions"}],"predecessor-version":[{"id":7649,"href":"https:\/\/www.opuzen.hr\/grad\/wp-json\/wp\/v2\/pages\/1185\/revisions\/7649"}],"up":[{"embeddable":true,"href":"https:\/\/www.opuzen.hr\/grad\/wp-json\/wp\/v2\/pages\/1134"}],"wp:attachment":[{"href":"https:\/\/www.opuzen.hr\/grad\/wp-json\/wp\/v2\/media?parent=1185"}],"curies":[{"name":"wp","href":"https:\/\/api.w.org\/{rel}","templated":true}]}}