{"id":1235,"date":"2018-05-06T21:56:46","date_gmt":"2018-05-06T19:56:46","guid":{"rendered":"https:\/\/www.opuzen.hr\/grad\/?page_id=1235"},"modified":"2026-01-12T12:14:03","modified_gmt":"2026-01-12T11:14:03","slug":"sport","status":"publish","type":"page","link":"https:\/\/www.opuzen.hr\/grad\/javne-potrebe\/sport\/","title":{"rendered":"Javne potrebe u sportu"},"content":{"rendered":"\t\t<div data-elementor-type=\"wp-page\" data-elementor-id=\"1235\" class=\"elementor elementor-1235\">\n\t\t\t\t\t\t<section class=\"has_eae_slider elementor-section elementor-top-section elementor-element elementor-element-383317ee elementor-section-boxed elementor-section-height-default elementor-section-height-default\" data-id=\"383317ee\" data-element_type=\"section\">\n\t\t\t\t\t\t<div class=\"elementor-container elementor-column-gap-default\">\n\t\t\t\t\t<div class=\"has_eae_slider elementor-column elementor-col-100 elementor-top-column elementor-element elementor-element-56f319c2\" data-id=\"56f319c2\" data-element_type=\"column\">\n\t\t\t<div class=\"elementor-widget-wrap elementor-element-populated\">\n\t\t\t\t\t\t<div class=\"elementor-element elementor-element-85c20a9 elementor-widget elementor-widget-heading\" data-id=\"85c20a9\" data-element_type=\"widget\" data-widget_type=\"heading.default\">\n\t\t\t\t<div class=\"elementor-widget-container\">\n\t\t\t<h1 class=\"elementor-heading-title elementor-size-xxl\">Javne potrebe u sportu<\/h1>\t\t<\/div>\n\t\t\t\t<\/div>\n\t\t\t\t<div class=\"elementor-element elementor-element-38c0e70 elementor-widget-divider--separator-type-pattern elementor-widget-divider--bg-round elementor-widget-divider--view-line elementor-widget elementor-widget-divider\" data-id=\"38c0e70\" data-element_type=\"widget\" data-widget_type=\"divider.default\">\n\t\t\t\t<div class=\"elementor-widget-container\">\n\t\t\t\t\t<div class=\"elementor-divider\" style=\"--divider-pattern-url: url(&quot;data:image\/svg+xml,%3Csvg xmlns=&#039;http:\/\/www.w3.org\/2000\/svg&#039; preserveAspectRatio=&#039;none&#039; overflow=&#039;visible&#039; height=&#039;100%&#039; viewBox=&#039;0 0 60 30&#039; fill=&#039;black&#039; stroke=&#039;none&#039;%3E%3Crect x=&#039;15&#039; y=&#039;0&#039; width=&#039;30&#039; height=&#039;30&#039;\/%3E%3C\/svg%3E&quot;);\">\n\t\t\t<span class=\"elementor-divider-separator\">\n\t\t\t\t\t\t<\/span>\n\t\t<\/div>\n\t\t\t\t<\/div>\n\t\t\t\t<\/div>\n\t\t\t\t<div class=\"elementor-element elementor-element-7b6fe7ae elementor-widget elementor-widget-text-editor\" data-id=\"7b6fe7ae\" data-element_type=\"widget\" data-widget_type=\"text-editor.default\">\n\t\t\t\t<div class=\"elementor-widget-container\">\n\t\t\t\t\t\t\t<p><strong>Javne potrebe u sportu za 2026. godinu<\/strong><\/p><ul><li><a href=\"https:\/\/www.opuzen.hr\/grad\/wp-content\/uploads\/2026\/01\/Program-javnih-potreba-u-sportu-Grada-Opuzena-za-2026.-godinu.pdf\">Program javnih potreba u sportu za 2026. godinu<\/a><\/li><\/ul><p><strong>Javne potrebe u sportu za 2025. godinu<\/strong><\/p><ul><li><a href=\"https:\/\/www.opuzen.hr\/grad\/wp-content\/uploads\/2025\/04\/Program-javnih-potreba-u-sportu-Grada-Opuzena-za-2025.-godinu.pdf\">Program javnih potreba u sportu za 2025. godinu<\/a><\/li><\/ul><p><strong>Javne potrebe u sportu za 2024. godinu<\/strong><\/p><ul><li><a href=\"https:\/\/www.opuzen.hr\/grad\/wp-content\/uploads\/2025\/04\/Program-javnih-potreba-u-sportu-Grada-Opuzena-za-2024.-godinu.pdf\">Program javnih potreba u sportu za 2024. godinu<\/a><\/li><li><a href=\"https:\/\/www.opuzen.hr\/grad\/wp-content\/uploads\/2025\/04\/Odluka-o-izmjeni-Programa-jvnih-potreba-u-sportu-Grada-Opuzena-za-2024.-godinu.pdf\">Odluka o izmjeni Programa javnih potreba u sportu Grada Opuzena za 2024. godinu<\/a><\/li><\/ul><p><strong>Javne potrebe u sportu za 2023. godinu<\/strong><\/p><ul><li><a href=\"https:\/\/www.opuzen.hr\/grad\/wp-content\/uploads\/2025\/04\/Program-javnih-potreba-u-sportu-Grada-Opuzena-za-2023.-godinu.pdf\">Program javnih potreba u sportu za 2023. godinu<\/a><\/li><li><a href=\"https:\/\/www.opuzen.hr\/grad\/wp-content\/uploads\/2025\/04\/Odluka-o-izmjeni-i-dopuni-programa-javnih-potreba-u-sportu-Grada-Opuzena-za-2023.-godinu-1.pdf\">Odluka o izmjeni i dopuni programa javnih potreba u sportu Grada Opuzena za 2023. godinu<\/a><\/li><\/ul><p><strong>Javne potrebe u sportu za 2022. godinu<\/strong><\/p><ul><li><a href=\"https:\/\/www.opuzen.hr\/grad\/wp-content\/uploads\/2025\/04\/Odluka-o-izmjeni-Programa-javnih-potreba-u-sportu-GO-za-2022_-1.pdf\">Odluka o izmjeni Programa javnih potreba u sportu za 2022. godinu<\/a><\/li><li><a href=\"https:\/\/www.opuzen.hr\/grad\/wp-content\/uploads\/2025\/04\/Program-javnih-potreba-u-sportu-za-2022_.pdf\">Program javnih potreba u sportu za 2022. godinu<\/a><\/li><\/ul><p><strong>Javne potrebe u sportu za 2021. godinu<\/strong><\/p><ul><li><a href=\"https:\/\/drive.google.com\/file\/d\/1mgsqKIm3erygYED-DWDVLDvNhbLvtmE5\/view?usp=sharing\" target=\"_blank\" rel=\"noopener\">Program javih potreba u sportu za 2021. godinu<\/a><\/li><\/ul><p><strong>Javne potrebe u sportu za 2020. godinu<\/strong><\/p><ul><li><a href=\"https:\/\/drive.google.com\/file\/d\/11hc7LQX2AR-JC41QgzQxhSonDNLzZA1V\/view?usp=sharing\" target=\"_blank\" rel=\"noopener\">Program javih potreba u sportu za 2020. godinu<\/a><\/li><\/ul><p><strong>Javne potrebe u sportu za 2019. godinu<\/strong><\/p><ul><li><a href=\"https:\/\/drive.google.com\/file\/d\/1uUuZoboKRoXyknRwECkSL2cMw7sx0j9T\/view?usp=sharing\" target=\"_blank\" rel=\"noopener\">Program javih potreba u sportu za 2019. godinu<\/a><\/li><\/ul>\t\t\t\t\t\t<\/div>\n\t\t\t\t<\/div>\n\t\t\t\t<div class=\"elementor-element elementor-element-2e463ee elementor-widget elementor-widget-toggle\" data-id=\"2e463ee\" data-element_type=\"widget\" data-widget_type=\"toggle.default\">\n\t\t\t\t<div class=\"elementor-widget-container\">\n\t\t\t\t\t<div class=\"elementor-toggle\">\n\t\t\t\t\t\t\t<div class=\"elementor-toggle-item\">\n\t\t\t\t\t<div id=\"elementor-tab-title-4851\" class=\"elementor-tab-title\" data-tab=\"1\" role=\"button\" aria-controls=\"elementor-tab-content-4851\" aria-expanded=\"false\">\n\t\t\t\t\t\t\t\t\t\t\t\t<span class=\"elementor-toggle-icon elementor-toggle-icon-left\" aria-hidden=\"true\">\n\t\t\t\t\t\t\t\t\t\t\t\t\t\t\t<span class=\"elementor-toggle-icon-closed\"><i class=\"fas fa-caret-right\"><\/i><\/span>\n\t\t\t\t\t\t\t\t<span class=\"elementor-toggle-icon-opened\"><i class=\"elementor-toggle-icon-opened fas fa-caret-up\"><\/i><\/span>\n\t\t\t\t\t\t\t\t\t\t\t\t\t<\/span>\n\t\t\t\t\t\t\t\t\t\t\t\t<a class=\"elementor-toggle-title\" tabindex=\"0\">Prethodne godine<\/a>\n\t\t\t\t\t<\/div>\n\n\t\t\t\t\t<div id=\"elementor-tab-content-4851\" class=\"elementor-tab-content elementor-clearfix\" data-tab=\"1\" role=\"region\" aria-labelledby=\"elementor-tab-title-4851\"><p><strong>Javne potrebe u sportu za 2018. godinu<\/strong><\/p><ul><li><a href=\"https:\/\/drive.google.com\/file\/d\/18ON6A_2nNeaXj0Si6dTzNIaTRd7hyEV9\/view?usp=sharing\" target=\"_blank\" rel=\"noopener\">Izvje\u0161\u0107e o izvr\u0161enju Program javnih potreba u sportu za 2017. godinu<\/a><\/li><li><a href=\"https:\/\/drive.google.com\/file\/d\/15BWXchiU-Ess78QCn0IynWFdAp-As8h4\/view?usp=sharing\" target=\"_blank\" rel=\"noopener\">Program javih potreba u sportu za 2018. godinu<\/a><\/li><\/ul><p>\u00a0<\/p><p><strong>Javne potrebe u sportu za 2017. godinu<\/strong><\/p><ul><li>Odluka o izmjeni Programa javnih potreba u sportui za 2017. godinu<\/li><li>Program javnih potreba u sportu za 2017. godinu<\/li><\/ul><p>\u00a0<\/p><p><strong>Javne potrebe u sportu za 2016. godinu<\/strong><\/p><ul><li><a href=\"https:\/\/drive.google.com\/file\/d\/188ySYCmOyFY9a5DAWGEcrIsrpisF2Mx1\/view?usp=sharing\" target=\"_blank\" rel=\"noopener\">Odluka o izmjeni Programa javnih potreba u sportu Grada Opuzena za 2016. godinu<\/a><\/li><li><a href=\"https:\/\/drive.google.com\/file\/d\/1rdIWx3UEHkgSQKGP38bvN3HHcmR_-Q3V\/view?usp=sharing\" target=\"_blank\" rel=\"noopener\">Program javnih potreba u sportu Grada Opuzena za 2016. godinu<\/a><\/li><\/ul><p>\u00a0<\/p><p><strong>Javne potrebe u sportu za 2015. godinu<\/strong><\/p><ul><li><a href=\"https:\/\/drive.google.com\/file\/d\/1d5Z3U5CQZMH1pc9t5QxOxv3F24GIkkbo\/view?usp=sharing\" target=\"_blank\" rel=\"noopener\">Odluka o izmjeni programa javnih potreba u sportu Grada Opuzena za 2015. godinu<\/a><\/li><li><a href=\"https:\/\/drive.google.com\/file\/d\/1uJELeCqQ5A-n_sXr_o8ba_Hv28g90H62\/view?usp=sharing\" target=\"_blank\" rel=\"noopener\">Program javnih potreba u sportu Grada Opuzena za 2015. godinu<\/a><\/li><\/ul><p><strong>Javne potrebe u sportu za 2014. godinu<\/strong><\/p><ul><li><a href=\"https:\/\/drive.google.com\/file\/d\/1WLyDi-cpysqWVrRCdcLWFw0No63sVoZ4\/view?usp=sharing\" target=\"_blank\" rel=\"noopener\">Odluka o izmjeni programa javnih potreba u sportu Grada Opuzena za 2014. godinu<\/a><\/li><li><a href=\"https:\/\/drive.google.com\/file\/d\/1xKCTLwaJvb1hw1XSVimVc3s1C2sonPG8\/view?usp=sharing\" target=\"_blank\" rel=\"noopener\">Program javnih potreba u sportu Grada Opuzena za 2014. godinu<\/a><\/li><\/ul><p>\u00a0<\/p><p><strong>Javne potrebe u sportu za 2013. godinu<\/strong><\/p><ul><li><a href=\"https:\/\/drive.google.com\/file\/d\/1bktDDYmmmU4pUz5wedhc7K4wZ-drm4IE\/view?usp=sharing\" target=\"_blank\" rel=\"noopener\">Odluka o izmjeni Programa javnih potreba u sportu Grada Opuzena za 2013. godinu<\/a><\/li><li><a href=\"https:\/\/drive.google.com\/file\/d\/1bktDDYmmmU4pUz5wedhc7K4wZ-drm4IE\/view?usp=sharing\" target=\"_blank\" rel=\"noopener\">Program javnih potreba u sportu Grada Opuzena za 2013. godinu<\/a><\/li><\/ul><\/div>\n\t\t\t\t<\/div>\n\t\t\t\t\t\t\t\t<\/div>\n\t\t\t\t<\/div>\n\t\t\t\t<\/div>\n\t\t\t\t\t<\/div>\n\t\t<\/div>\n\t\t\t\t\t<\/div>\n\t\t<\/section>\n\t\t\t\t<section class=\"has_eae_slider elementor-section elementor-top-section elementor-element elementor-element-53289f4 elementor-section-boxed elementor-section-height-default elementor-section-height-default\" data-id=\"53289f4\" data-element_type=\"section\">\n\t\t\t\t\t\t<div class=\"elementor-container elementor-column-gap-default\">\n\t\t\t\t\t<div class=\"has_eae_slider elementor-column elementor-col-100 elementor-top-column elementor-element elementor-element-bb7388f\" data-id=\"bb7388f\" data-element_type=\"column\">\n\t\t\t<div class=\"elementor-widget-wrap elementor-element-populated\">\n\t\t\t\t\t\t<div class=\"elementor-element elementor-element-6b00c30 elementor-widget elementor-widget-text-editor\" data-id=\"6b00c30\" data-element_type=\"widget\" data-widget_type=\"text-editor.default\">\n\t\t\t\t<div class=\"elementor-widget-container\">\n\t\t\t\t\t\t\t<h3>Sportske aktivnosti, poslovi i djelatnosti\u00a0od interesa za Grad Opuzen utvr\u0111eni su na temelju prijedloga programa udruga i drugih organizacija kulture na podru\u010dju Grada Opuzena.<\/h3>\t\t\t\t\t\t<\/div>\n\t\t\t\t<\/div>\n\t\t\t\t\t<\/div>\n\t\t<\/div>\n\t\t\t\t\t<\/div>\n\t\t<\/section>\n\t\t\t\t<\/div>\n\t\t","protected":false},"excerpt":{"rendered":"<p>Javne potrebe u sportu Javne potrebe u sportu za 2026. godinu Program javnih potreba u&#8230;<\/p>\n","protected":false},"author":3,"featured_media":0,"parent":1113,"menu_order":0,"comment_status":"closed","ping_status":"closed","template":"","meta":{"footnotes":""},"class_list":["post-1235","page","type-page","status-publish","hentry"],"yoast_head":"<!-- This site is optimized with the Yoast SEO plugin v23.1 - https:\/\/yoast.com\/wordpress\/plugins\/seo\/ -->\n<title>Javne potrebe u sportu - Grad Opuzen<\/title>\n<meta name=\"robots\" content=\"index, follow, max-snippet:-1, max-image-preview:large, max-video-preview:-1\" \/>\n<link rel=\"canonical\" href=\"https:\/\/www.opuzen.hr\/grad\/javne-potrebe\/sport\/\" \/>\n<meta property=\"og:locale\" content=\"hr_HR\" \/>\n<meta property=\"og:type\" content=\"article\" \/>\n<meta property=\"og:title\" content=\"Javne potrebe u sportu - Grad Opuzen\" \/>\n<meta property=\"og:description\" content=\"Javne potrebe u sportu Javne potrebe u sportu za 2026. godinu Program javnih potreba u...\" \/>\n<meta property=\"og:url\" content=\"https:\/\/www.opuzen.hr\/grad\/javne-potrebe\/sport\/\" \/>\n<meta property=\"og:site_name\" content=\"Grad Opuzen\" \/>\n<meta property=\"article:modified_time\" content=\"2026-01-12T11:14:03+00:00\" \/>\n<meta name=\"twitter:card\" content=\"summary_large_image\" \/>\n<meta name=\"twitter:label1\" content=\"Procijenjeno vrijeme \u010ditanja\" \/>\n\t<meta name=\"twitter:data1\" content=\"2 minute\" \/>\n<script type=\"application\/ld+json\" class=\"yoast-schema-graph\">{\"@context\":\"https:\/\/schema.org\",\"@graph\":[{\"@type\":\"WebPage\",\"@id\":\"https:\/\/www.opuzen.hr\/grad\/javne-potrebe\/sport\/\",\"url\":\"https:\/\/www.opuzen.hr\/grad\/javne-potrebe\/sport\/\",\"name\":\"Javne potrebe u sportu - Grad Opuzen\",\"isPartOf\":{\"@id\":\"https:\/\/www.opuzen.hr\/grad\/#website\"},\"datePublished\":\"2018-05-06T19:56:46+00:00\",\"dateModified\":\"2026-01-12T11:14:03+00:00\",\"breadcrumb\":{\"@id\":\"https:\/\/www.opuzen.hr\/grad\/javne-potrebe\/sport\/#breadcrumb\"},\"inLanguage\":\"hr\",\"potentialAction\":[{\"@type\":\"ReadAction\",\"target\":[\"https:\/\/www.opuzen.hr\/grad\/javne-potrebe\/sport\/\"]}]},{\"@type\":\"BreadcrumbList\",\"@id\":\"https:\/\/www.opuzen.hr\/grad\/javne-potrebe\/sport\/#breadcrumb\",\"itemListElement\":[{\"@type\":\"ListItem\",\"position\":1,\"name\":\"Po\u010detna stranica\",\"item\":\"https:\/\/www.opuzen.hr\/grad\/\"},{\"@type\":\"ListItem\",\"position\":2,\"name\":\"Javne potrebe\",\"item\":\"https:\/\/www.opuzen.hr\/grad\/javne-potrebe\/\"},{\"@type\":\"ListItem\",\"position\":3,\"name\":\"Javne potrebe u sportu\"}]},{\"@type\":\"WebSite\",\"@id\":\"https:\/\/www.opuzen.hr\/grad\/#website\",\"url\":\"https:\/\/www.opuzen.hr\/grad\/\",\"name\":\"Grad Opuzen\",\"description\":\"Slu\u017ebene mre\u017ene stranice Grada Opuzena\",\"publisher\":{\"@id\":\"https:\/\/www.opuzen.hr\/grad\/#organization\"},\"potentialAction\":[{\"@type\":\"SearchAction\",\"target\":{\"@type\":\"EntryPoint\",\"urlTemplate\":\"https:\/\/www.opuzen.hr\/grad\/?s={search_term_string}\"},\"query-input\":\"required name=search_term_string\"}],\"inLanguage\":\"hr\"},{\"@type\":\"Organization\",\"@id\":\"https:\/\/www.opuzen.hr\/grad\/#organization\",\"name\":\"Grad Opuzen\",\"url\":\"https:\/\/www.opuzen.hr\/grad\/\",\"logo\":{\"@type\":\"ImageObject\",\"inLanguage\":\"hr\",\"@id\":\"https:\/\/www.opuzen.hr\/grad\/#\/schema\/logo\/image\/\",\"url\":\"https:\/\/www.opuzen.hr\/grad\/wp-content\/uploads\/2018\/02\/logo-opuzen.jpg\",\"contentUrl\":\"https:\/\/www.opuzen.hr\/grad\/wp-content\/uploads\/2018\/02\/logo-opuzen.jpg\",\"width\":400,\"height\":400,\"caption\":\"Grad Opuzen\"},\"image\":{\"@id\":\"https:\/\/www.opuzen.hr\/grad\/#\/schema\/logo\/image\/\"}}]}<\/script>\n<!-- \/ Yoast SEO plugin. -->","yoast_head_json":{"title":"Javne potrebe u sportu - Grad Opuzen","robots":{"index":"index","follow":"follow","max-snippet":"max-snippet:-1","max-image-preview":"max-image-preview:large","max-video-preview":"max-video-preview:-1"},"canonical":"https:\/\/www.opuzen.hr\/grad\/javne-potrebe\/sport\/","og_locale":"hr_HR","og_type":"article","og_title":"Javne potrebe u sportu - Grad Opuzen","og_description":"Javne potrebe u sportu Javne potrebe u sportu za 2026. godinu Program javnih potreba u...","og_url":"https:\/\/www.opuzen.hr\/grad\/javne-potrebe\/sport\/","og_site_name":"Grad Opuzen","article_modified_time":"2026-01-12T11:14:03+00:00","twitter_card":"summary_large_image","twitter_misc":{"Procijenjeno vrijeme \u010ditanja":"2 minute"},"schema":{"@context":"https:\/\/schema.org","@graph":[{"@type":"WebPage","@id":"https:\/\/www.opuzen.hr\/grad\/javne-potrebe\/sport\/","url":"https:\/\/www.opuzen.hr\/grad\/javne-potrebe\/sport\/","name":"Javne potrebe u sportu - Grad Opuzen","isPartOf":{"@id":"https:\/\/www.opuzen.hr\/grad\/#website"},"datePublished":"2018-05-06T19:56:46+00:00","dateModified":"2026-01-12T11:14:03+00:00","breadcrumb":{"@id":"https:\/\/www.opuzen.hr\/grad\/javne-potrebe\/sport\/#breadcrumb"},"inLanguage":"hr","potentialAction":[{"@type":"ReadAction","target":["https:\/\/www.opuzen.hr\/grad\/javne-potrebe\/sport\/"]}]},{"@type":"BreadcrumbList","@id":"https:\/\/www.opuzen.hr\/grad\/javne-potrebe\/sport\/#breadcrumb","itemListElement":[{"@type":"ListItem","position":1,"name":"Po\u010detna stranica","item":"https:\/\/www.opuzen.hr\/grad\/"},{"@type":"ListItem","position":2,"name":"Javne potrebe","item":"https:\/\/www.opuzen.hr\/grad\/javne-potrebe\/"},{"@type":"ListItem","position":3,"name":"Javne potrebe u sportu"}]},{"@type":"WebSite","@id":"https:\/\/www.opuzen.hr\/grad\/#website","url":"https:\/\/www.opuzen.hr\/grad\/","name":"Grad Opuzen","description":"Slu\u017ebene mre\u017ene stranice Grada Opuzena","publisher":{"@id":"https:\/\/www.opuzen.hr\/grad\/#organization"},"potentialAction":[{"@type":"SearchAction","target":{"@type":"EntryPoint","urlTemplate":"https:\/\/www.opuzen.hr\/grad\/?s={search_term_string}"},"query-input":"required name=search_term_string"}],"inLanguage":"hr"},{"@type":"Organization","@id":"https:\/\/www.opuzen.hr\/grad\/#organization","name":"Grad Opuzen","url":"https:\/\/www.opuzen.hr\/grad\/","logo":{"@type":"ImageObject","inLanguage":"hr","@id":"https:\/\/www.opuzen.hr\/grad\/#\/schema\/logo\/image\/","url":"https:\/\/www.opuzen.hr\/grad\/wp-content\/uploads\/2018\/02\/logo-opuzen.jpg","contentUrl":"https:\/\/www.opuzen.hr\/grad\/wp-content\/uploads\/2018\/02\/logo-opuzen.jpg","width":400,"height":400,"caption":"Grad Opuzen"},"image":{"@id":"https:\/\/www.opuzen.hr\/grad\/#\/schema\/logo\/image\/"}}]}},"_links":{"self":[{"href":"https:\/\/www.opuzen.hr\/grad\/wp-json\/wp\/v2\/pages\/1235"}],"collection":[{"href":"https:\/\/www.opuzen.hr\/grad\/wp-json\/wp\/v2\/pages"}],"about":[{"href":"https:\/\/www.opuzen.hr\/grad\/wp-json\/wp\/v2\/types\/page"}],"author":[{"embeddable":true,"href":"https:\/\/www.opuzen.hr\/grad\/wp-json\/wp\/v2\/users\/3"}],"replies":[{"embeddable":true,"href":"https:\/\/www.opuzen.hr\/grad\/wp-json\/wp\/v2\/comments?post=1235"}],"version-history":[{"count":37,"href":"https:\/\/www.opuzen.hr\/grad\/wp-json\/wp\/v2\/pages\/1235\/revisions"}],"predecessor-version":[{"id":51874,"href":"https:\/\/www.opuzen.hr\/grad\/wp-json\/wp\/v2\/pages\/1235\/revisions\/51874"}],"up":[{"embeddable":true,"href":"https:\/\/www.opuzen.hr\/grad\/wp-json\/wp\/v2\/pages\/1113"}],"wp:attachment":[{"href":"https:\/\/www.opuzen.hr\/grad\/wp-json\/wp\/v2\/media?parent=1235"}],"curies":[{"name":"wp","href":"https:\/\/api.w.org\/{rel}","templated":true}]}}