{"id":41326,"date":"2021-11-16T13:20:36","date_gmt":"2021-11-16T12:20:36","guid":{"rendered":"https:\/\/www.opuzen.hr\/grad\/?page_id=41326"},"modified":"2021-11-16T13:23:05","modified_gmt":"2021-11-16T12:23:05","slug":"ured-gradonacelnika","status":"publish","type":"page","link":"https:\/\/www.opuzen.hr\/grad\/ured-gradonacelnika\/","title":{"rendered":"Ured gradona\u010delnika"},"content":{"rendered":"\t\t<div data-elementor-type=\"wp-page\" data-elementor-id=\"41326\" class=\"elementor elementor-41326\">\n\t\t\t\t\t\t<section class=\"has_eae_slider elementor-section elementor-top-section elementor-element elementor-element-27aa6bd3 elementor-section-content-middle elementor-section-boxed elementor-section-height-default elementor-section-height-default\" data-id=\"27aa6bd3\" data-element_type=\"section\">\n\t\t\t\t\t\t<div class=\"elementor-container elementor-column-gap-no\">\n\t\t\t\t\t<div class=\"has_eae_slider elementor-column elementor-col-50 elementor-top-column elementor-element elementor-element-58d7e9b7\" data-id=\"58d7e9b7\" data-element_type=\"column\">\n\t\t\t<div class=\"elementor-widget-wrap elementor-element-populated\">\n\t\t\t\t\t\t<div class=\"elementor-element elementor-element-3a365062 elementor-widget elementor-widget-heading\" data-id=\"3a365062\" data-element_type=\"widget\" data-widget_type=\"heading.default\">\n\t\t\t\t<div class=\"elementor-widget-container\">\n\t\t\t<h3 class=\"elementor-heading-title elementor-size-default\">Ured gradona\u010delnika<\/h3>\t\t<\/div>\n\t\t\t\t<\/div>\n\t\t\t\t<div class=\"elementor-element elementor-element-2c45fec1 elementor-widget elementor-widget-text-editor\" data-id=\"2c45fec1\" data-element_type=\"widget\" data-widget_type=\"text-editor.default\">\n\t\t\t\t<div class=\"elementor-widget-container\">\n\t\t\t\t\t\t\t<p class=\"\">Ured gradona\u010delnika obavlja poslove koji se odnose na: protokolarne i druge poslove u vezi s obna\u0161anjem du\u017enosti gradona\u010delnika i njegovih zamjenika, odnose s javno\u0161\u0107u i ostvarivanje prava na pristup informacijama, razmatranje stavova i prijedloga gra\u0111ana za rje\u0161avanje prioritetnih problema, promid\u017ebu Grada, savjetodavne, stru\u010dne i analiti\u010dke poslove investicijskog planiranja i pripreme projekata od interesa za Grad te poslove koordinacije i nadzora nad njihovim izvr\u0161avanjem, odr\u017eavanje objekata, instalacija, postrojenja, opreme i ure\u0111aja, poslove prijevoza, tiskarske poslove, odr\u017eavanje \u010disto\u0107e, pripremanje i poslu\u017eivanje hrane i pi\u0107a u internim prostorima, nabavu opreme, uredskog i drugog materijala, osiguranje objekata i opreme gradske uprave, osiguranje slu\u017ebenika i namje\u0161tenika, te na druge poslove koji su mu stavljeni u nadle\u017enost.\u00a0<br class=\"\" \/><br class=\"\" \/><\/p>\t\t\t\t\t\t<\/div>\n\t\t\t\t<\/div>\n\t\t\t\t<div class=\"elementor-element elementor-element-47eae4c8 elementor-widget elementor-widget-image\" data-id=\"47eae4c8\" data-element_type=\"widget\" data-widget_type=\"image.default\">\n\t\t\t\t<div class=\"elementor-widget-container\">\n\t\t\t\t\t\t\t\t\t\t\t\t\t<img fetchpriority=\"high\" decoding=\"async\" width=\"800\" height=\"533\" src=\"https:\/\/www.opuzen.hr\/grad\/wp-content\/uploads\/2019\/10\/opuzen.jpg\" class=\"elementor-animation-grow attachment-full size-full wp-image-6252\" alt=\"\" srcset=\"https:\/\/www.opuzen.hr\/grad\/wp-content\/uploads\/2019\/10\/opuzen.jpg 800w, https:\/\/www.opuzen.hr\/grad\/wp-content\/uploads\/2019\/10\/opuzen-300x200.jpg 300w, https:\/\/www.opuzen.hr\/grad\/wp-content\/uploads\/2019\/10\/opuzen-768x512.jpg 768w, https:\/\/www.opuzen.hr\/grad\/wp-content\/uploads\/2019\/10\/opuzen-600x400.jpg 600w, https:\/\/www.opuzen.hr\/grad\/wp-content\/uploads\/2019\/10\/opuzen-150x100.jpg 150w\" sizes=\"(max-width: 800px) 100vw, 800px\" \/>\t\t\t\t\t\t\t\t\t\t\t\t\t<\/div>\n\t\t\t\t<\/div>\n\t\t\t\t\t<\/div>\n\t\t<\/div>\n\t\t\t\t<div class=\"has_eae_slider elementor-column elementor-col-50 elementor-top-column elementor-element elementor-element-3d711c72\" data-id=\"3d711c72\" data-element_type=\"column\">\n\t\t\t<div class=\"elementor-widget-wrap elementor-element-populated\">\n\t\t\t\t\t\t<div class=\"elementor-element elementor-element-18085f4 elementor-widget elementor-widget-text-editor\" data-id=\"18085f4\" data-element_type=\"widget\" data-widget_type=\"text-editor.default\">\n\t\t\t\t<div class=\"elementor-widget-container\">\n\t\t\t\t\t\t\t<p class=\"\"><strong class=\"\">Radno vrijeme:<\/strong> Pon. &#8211; Pet. \/ 7:00 &#8211; 15:00 sati<\/p><p class=\"\"><strong>Dnevni odmor: <\/strong>10:30 \u2013 11:00 sati<\/p><p class=\"\"><strong class=\"\">Primanje stranaka: <\/strong>Pon. &#8211; Pet. \/ 8:00 &#8211; 13:00 sati<\/p><p><strong>Prijem kod gradona\u010delnika: <\/strong><strong>srijedom i petkom\u00a0 od 9:00 \u2013 11:00 sati uz prethodnu najavu na tel. 020\/ 671 139 ili putem kontakt forme <br \/><\/strong><\/p><p class=\"\">\u00a0<\/p>\t\t\t\t\t\t<\/div>\n\t\t\t\t<\/div>\n\t\t\t\t<div class=\"elementor-element elementor-element-fbd6d09 ekit_wpForms_container-form-button-custom elementor-widget elementor-widget-elementskit-wp-forms\" data-id=\"fbd6d09\" data-element_type=\"widget\" data-widget_type=\"elementskit-wp-forms.default\">\n\t\t\t\t<div class=\"elementor-widget-container\">\n\t\t\t<div class=\"ekit-wid-con ekit_wpForms_container\"><div class=\"wpforms-container wpforms-container-full\" id=\"wpforms-41360\"><form id=\"wpforms-form-41360\" class=\"wpforms-validate wpforms-form wpforms-ajax-form\" data-formid=\"41360\" method=\"post\" enctype=\"multipart\/form-data\" action=\"\/grad\/wp-json\/wp\/v2\/pages\/41326\" data-token=\"90a7d78c1403b77ca0d580fc4e47f33f\" data-token-time=\"1776500325\"><noscript class=\"wpforms-error-noscript\">Please enable JavaScript in your browser to complete this form.<\/noscript><div class=\"wpforms-field-container\"><div id=\"wpforms-41360-field_1-container\" class=\"wpforms-field wpforms-field-name\" data-field-id=\"1\"><label class=\"wpforms-field-label\" for=\"wpforms-41360-field_1\">Ime i prezime <span class=\"wpforms-required-label\">*<\/span><\/label><input type=\"text\" id=\"wpforms-41360-field_1\" class=\"wpforms-field-medium wpforms-field-required\" name=\"wpforms[fields][1]\" required><\/div><div id=\"wpforms-41360-field_2-container\" class=\"wpforms-field wpforms-field-email\" data-field-id=\"2\"><label class=\"wpforms-field-label\" for=\"wpforms-41360-field_2\">Email <span class=\"wpforms-required-label\">*<\/span><\/label><input type=\"email\" id=\"wpforms-41360-field_2\" class=\"wpforms-field-medium wpforms-field-required\" name=\"wpforms[fields][2]\" spellcheck=\"false\" required><\/div><div id=\"wpforms-41360-field_3-container\" class=\"wpforms-field wpforms-field-textarea\" data-field-id=\"3\"><label class=\"wpforms-field-label\" for=\"wpforms-41360-field_3\">Tema o kojoj \u017eelite razgovarati<\/label><textarea id=\"wpforms-41360-field_3\" class=\"wpforms-field-medium\" name=\"wpforms[fields][3]\" ><\/textarea><\/div><\/div><!-- .wpforms-field-container --><div class=\"wpforms-submit-container\" ><input type=\"hidden\" name=\"wpforms[id]\" value=\"41360\"><input type=\"hidden\" name=\"page_title\" value=\"\"><input type=\"hidden\" name=\"page_url\" value=\"https:\/\/www.opuzen.hr\/grad\/wp-json\/wp\/v2\/pages\/41326\"><button type=\"submit\" name=\"wpforms[submit]\" id=\"wpforms-submit-41360\" class=\"wpforms-submit\" data-alt-text=\"Sending...\" data-submit-text=\"Po\u0161alji\" aria-live=\"assertive\" value=\"wpforms-submit\">Po\u0161alji<\/button><img decoding=\"async\" src=\"https:\/\/www.opuzen.hr\/grad\/wp-content\/plugins\/wpforms-lite\/assets\/images\/submit-spin.svg\" class=\"wpforms-submit-spinner\" style=\"display: none;\" width=\"26\" height=\"26\" alt=\"Loading\"><\/div><\/form><\/div>  <!-- .wpforms-container --><\/div>\t\t<\/div>\n\t\t\t\t<\/div>\n\t\t\t\t\t<\/div>\n\t\t<\/div>\n\t\t\t\t\t<\/div>\n\t\t<\/section>\n\t\t\t\t<\/div>\n\t\t","protected":false},"excerpt":{"rendered":"<p>Ured gradona\u010delnika Ured gradona\u010delnika obavlja poslove koji se odnose na: protokolarne i druge poslove u&#8230;<\/p>\n","protected":false},"author":3,"featured_media":0,"parent":0,"menu_order":0,"comment_status":"closed","ping_status":"closed","template":"","meta":{"footnotes":""},"class_list":["post-41326","page","type-page","status-publish","hentry"],"yoast_head":"<!-- This site is optimized with the Yoast SEO plugin v23.1 - https:\/\/yoast.com\/wordpress\/plugins\/seo\/ -->\n<title>Ured gradona\u010delnika - Grad Opuzen<\/title>\n<meta name=\"robots\" content=\"index, follow, max-snippet:-1, max-image-preview:large, max-video-preview:-1\" \/>\n<link rel=\"canonical\" href=\"https:\/\/www.opuzen.hr\/grad\/ured-gradonacelnika\/\" \/>\n<meta property=\"og:locale\" content=\"hr_HR\" \/>\n<meta property=\"og:type\" content=\"article\" \/>\n<meta property=\"og:title\" content=\"Ured gradona\u010delnika - Grad Opuzen\" \/>\n<meta property=\"og:description\" content=\"Ured gradona\u010delnika Ured gradona\u010delnika obavlja poslove koji se odnose na: protokolarne i druge poslove u...\" \/>\n<meta property=\"og:url\" content=\"https:\/\/www.opuzen.hr\/grad\/ured-gradonacelnika\/\" \/>\n<meta property=\"og:site_name\" content=\"Grad Opuzen\" \/>\n<meta property=\"article:modified_time\" content=\"2021-11-16T12:23:05+00:00\" \/>\n<meta property=\"og:image\" content=\"https:\/\/www.opuzen.hr\/grad\/wp-content\/uploads\/2019\/10\/opuzen.jpg\" \/>\n<meta name=\"twitter:card\" content=\"summary_large_image\" \/>\n<meta name=\"twitter:label1\" content=\"Procijenjeno vrijeme \u010ditanja\" \/>\n\t<meta name=\"twitter:data1\" content=\"1 minuta\" \/>\n<script type=\"application\/ld+json\" class=\"yoast-schema-graph\">{\"@context\":\"https:\/\/schema.org\",\"@graph\":[{\"@type\":\"WebPage\",\"@id\":\"https:\/\/www.opuzen.hr\/grad\/ured-gradonacelnika\/\",\"url\":\"https:\/\/www.opuzen.hr\/grad\/ured-gradonacelnika\/\",\"name\":\"Ured gradona\u010delnika - Grad Opuzen\",\"isPartOf\":{\"@id\":\"https:\/\/www.opuzen.hr\/grad\/#website\"},\"primaryImageOfPage\":{\"@id\":\"https:\/\/www.opuzen.hr\/grad\/ured-gradonacelnika\/#primaryimage\"},\"image\":{\"@id\":\"https:\/\/www.opuzen.hr\/grad\/ured-gradonacelnika\/#primaryimage\"},\"thumbnailUrl\":\"https:\/\/www.opuzen.hr\/grad\/wp-content\/uploads\/2019\/10\/opuzen.jpg\",\"datePublished\":\"2021-11-16T12:20:36+00:00\",\"dateModified\":\"2021-11-16T12:23:05+00:00\",\"breadcrumb\":{\"@id\":\"https:\/\/www.opuzen.hr\/grad\/ured-gradonacelnika\/#breadcrumb\"},\"inLanguage\":\"hr\",\"potentialAction\":[{\"@type\":\"ReadAction\",\"target\":[\"https:\/\/www.opuzen.hr\/grad\/ured-gradonacelnika\/\"]}]},{\"@type\":\"ImageObject\",\"inLanguage\":\"hr\",\"@id\":\"https:\/\/www.opuzen.hr\/grad\/ured-gradonacelnika\/#primaryimage\",\"url\":\"https:\/\/www.opuzen.hr\/grad\/wp-content\/uploads\/2019\/10\/opuzen.jpg\",\"contentUrl\":\"https:\/\/www.opuzen.hr\/grad\/wp-content\/uploads\/2019\/10\/opuzen.jpg\",\"width\":800,\"height\":533},{\"@type\":\"BreadcrumbList\",\"@id\":\"https:\/\/www.opuzen.hr\/grad\/ured-gradonacelnika\/#breadcrumb\",\"itemListElement\":[{\"@type\":\"ListItem\",\"position\":1,\"name\":\"Po\u010detna stranica\",\"item\":\"https:\/\/www.opuzen.hr\/grad\/\"},{\"@type\":\"ListItem\",\"position\":2,\"name\":\"Ured gradona\u010delnika\"}]},{\"@type\":\"WebSite\",\"@id\":\"https:\/\/www.opuzen.hr\/grad\/#website\",\"url\":\"https:\/\/www.opuzen.hr\/grad\/\",\"name\":\"Grad Opuzen\",\"description\":\"Slu\u017ebene mre\u017ene stranice Grada Opuzena\",\"publisher\":{\"@id\":\"https:\/\/www.opuzen.hr\/grad\/#organization\"},\"potentialAction\":[{\"@type\":\"SearchAction\",\"target\":{\"@type\":\"EntryPoint\",\"urlTemplate\":\"https:\/\/www.opuzen.hr\/grad\/?s={search_term_string}\"},\"query-input\":\"required name=search_term_string\"}],\"inLanguage\":\"hr\"},{\"@type\":\"Organization\",\"@id\":\"https:\/\/www.opuzen.hr\/grad\/#organization\",\"name\":\"Grad Opuzen\",\"url\":\"https:\/\/www.opuzen.hr\/grad\/\",\"logo\":{\"@type\":\"ImageObject\",\"inLanguage\":\"hr\",\"@id\":\"https:\/\/www.opuzen.hr\/grad\/#\/schema\/logo\/image\/\",\"url\":\"https:\/\/www.opuzen.hr\/grad\/wp-content\/uploads\/2018\/02\/logo-opuzen.jpg\",\"contentUrl\":\"https:\/\/www.opuzen.hr\/grad\/wp-content\/uploads\/2018\/02\/logo-opuzen.jpg\",\"width\":400,\"height\":400,\"caption\":\"Grad Opuzen\"},\"image\":{\"@id\":\"https:\/\/www.opuzen.hr\/grad\/#\/schema\/logo\/image\/\"}}]}<\/script>\n<!-- \/ Yoast SEO plugin. -->","yoast_head_json":{"title":"Ured gradona\u010delnika - Grad Opuzen","robots":{"index":"index","follow":"follow","max-snippet":"max-snippet:-1","max-image-preview":"max-image-preview:large","max-video-preview":"max-video-preview:-1"},"canonical":"https:\/\/www.opuzen.hr\/grad\/ured-gradonacelnika\/","og_locale":"hr_HR","og_type":"article","og_title":"Ured gradona\u010delnika - Grad Opuzen","og_description":"Ured gradona\u010delnika Ured gradona\u010delnika obavlja poslove koji se odnose na: protokolarne i druge poslove u...","og_url":"https:\/\/www.opuzen.hr\/grad\/ured-gradonacelnika\/","og_site_name":"Grad Opuzen","article_modified_time":"2021-11-16T12:23:05+00:00","og_image":[{"url":"https:\/\/www.opuzen.hr\/grad\/wp-content\/uploads\/2019\/10\/opuzen.jpg"}],"twitter_card":"summary_large_image","twitter_misc":{"Procijenjeno vrijeme \u010ditanja":"1 minuta"},"schema":{"@context":"https:\/\/schema.org","@graph":[{"@type":"WebPage","@id":"https:\/\/www.opuzen.hr\/grad\/ured-gradonacelnika\/","url":"https:\/\/www.opuzen.hr\/grad\/ured-gradonacelnika\/","name":"Ured gradona\u010delnika - Grad Opuzen","isPartOf":{"@id":"https:\/\/www.opuzen.hr\/grad\/#website"},"primaryImageOfPage":{"@id":"https:\/\/www.opuzen.hr\/grad\/ured-gradonacelnika\/#primaryimage"},"image":{"@id":"https:\/\/www.opuzen.hr\/grad\/ured-gradonacelnika\/#primaryimage"},"thumbnailUrl":"https:\/\/www.opuzen.hr\/grad\/wp-content\/uploads\/2019\/10\/opuzen.jpg","datePublished":"2021-11-16T12:20:36+00:00","dateModified":"2021-11-16T12:23:05+00:00","breadcrumb":{"@id":"https:\/\/www.opuzen.hr\/grad\/ured-gradonacelnika\/#breadcrumb"},"inLanguage":"hr","potentialAction":[{"@type":"ReadAction","target":["https:\/\/www.opuzen.hr\/grad\/ured-gradonacelnika\/"]}]},{"@type":"ImageObject","inLanguage":"hr","@id":"https:\/\/www.opuzen.hr\/grad\/ured-gradonacelnika\/#primaryimage","url":"https:\/\/www.opuzen.hr\/grad\/wp-content\/uploads\/2019\/10\/opuzen.jpg","contentUrl":"https:\/\/www.opuzen.hr\/grad\/wp-content\/uploads\/2019\/10\/opuzen.jpg","width":800,"height":533},{"@type":"BreadcrumbList","@id":"https:\/\/www.opuzen.hr\/grad\/ured-gradonacelnika\/#breadcrumb","itemListElement":[{"@type":"ListItem","position":1,"name":"Po\u010detna stranica","item":"https:\/\/www.opuzen.hr\/grad\/"},{"@type":"ListItem","position":2,"name":"Ured gradona\u010delnika"}]},{"@type":"WebSite","@id":"https:\/\/www.opuzen.hr\/grad\/#website","url":"https:\/\/www.opuzen.hr\/grad\/","name":"Grad Opuzen","description":"Slu\u017ebene mre\u017ene stranice Grada Opuzena","publisher":{"@id":"https:\/\/www.opuzen.hr\/grad\/#organization"},"potentialAction":[{"@type":"SearchAction","target":{"@type":"EntryPoint","urlTemplate":"https:\/\/www.opuzen.hr\/grad\/?s={search_term_string}"},"query-input":"required name=search_term_string"}],"inLanguage":"hr"},{"@type":"Organization","@id":"https:\/\/www.opuzen.hr\/grad\/#organization","name":"Grad Opuzen","url":"https:\/\/www.opuzen.hr\/grad\/","logo":{"@type":"ImageObject","inLanguage":"hr","@id":"https:\/\/www.opuzen.hr\/grad\/#\/schema\/logo\/image\/","url":"https:\/\/www.opuzen.hr\/grad\/wp-content\/uploads\/2018\/02\/logo-opuzen.jpg","contentUrl":"https:\/\/www.opuzen.hr\/grad\/wp-content\/uploads\/2018\/02\/logo-opuzen.jpg","width":400,"height":400,"caption":"Grad Opuzen"},"image":{"@id":"https:\/\/www.opuzen.hr\/grad\/#\/schema\/logo\/image\/"}}]}},"_links":{"self":[{"href":"https:\/\/www.opuzen.hr\/grad\/wp-json\/wp\/v2\/pages\/41326"}],"collection":[{"href":"https:\/\/www.opuzen.hr\/grad\/wp-json\/wp\/v2\/pages"}],"about":[{"href":"https:\/\/www.opuzen.hr\/grad\/wp-json\/wp\/v2\/types\/page"}],"author":[{"embeddable":true,"href":"https:\/\/www.opuzen.hr\/grad\/wp-json\/wp\/v2\/users\/3"}],"replies":[{"embeddable":true,"href":"https:\/\/www.opuzen.hr\/grad\/wp-json\/wp\/v2\/comments?post=41326"}],"version-history":[{"count":56,"href":"https:\/\/www.opuzen.hr\/grad\/wp-json\/wp\/v2\/pages\/41326\/revisions"}],"predecessor-version":[{"id":41401,"href":"https:\/\/www.opuzen.hr\/grad\/wp-json\/wp\/v2\/pages\/41326\/revisions\/41401"}],"wp:attachment":[{"href":"https:\/\/www.opuzen.hr\/grad\/wp-json\/wp\/v2\/media?parent=41326"}],"curies":[{"name":"wp","href":"https:\/\/api.w.org\/{rel}","templated":true}]}}